{"id":3822,"date":"2020-04-04T03:54:57","date_gmt":"2020-04-04T03:54:57","guid":{"rendered":"https:\/\/developer.avalonathome.com\/referencias\/"},"modified":"2023-08-12T23:48:18","modified_gmt":"2023-08-12T23:48:18","slug":"referencias","status":"publish","type":"page","link":"https:\/\/moraviahealth.com\/es\/referencias\/","title":{"rendered":"Referencias"},"content":{"rendered":"<p>[vc_row row_content_width=\\\u00bbgrid\\\u00bb css=\\\u00bb.vc_custom_1585973472415{padding-top: 60px !important;padding-bottom: 68px !important;}\\\u00bb][vc_column width=\\\u00bb1\/2\\\u00bb][vc_single_image image=\\\u00bb3824\\\u00bb img_size=\\\u00bb125&#215;125\\\u00bb alignment=\\\u00bbcenter\\\u00bb][vc_empty_space height=\\\u00bb20px\\\u00bb][vc_column_text]En Moravia Health, entendemos que nuestro valor es el resultado directo de nuestros incre\u00edbles empleados. Para aquellas personas motivadas listas para unirse a nuestro equipo de alto rendimiento, complete el formulario de env\u00edo en el sitio. Gracias por su consideraci\u00f3n, y esperamos que se una a Moravia Health.[\/vc_column_text][vc_empty_space height=\\\u00bb20px\\\u00bb][mkdf_icon_with_text type=\\\u00bbicon-left-from-title\\\u00bb icon_source=\\\u00bbicon-pack\\\u00bb icon_pack=\\\u00bbfont_awesome\\\u00bb fa_icon=\\\u00bbfa fa-eye\\\u00bb icon_size=\\\u00bbmkdf-icon-small\\\u00bb title_tag=\\\u00bb\\\u00bb title=\\\u00bbNuestra Visi\u00f3n\\\u00bb text=\\\u00bbTodos los clientes logran la m\u00e1xima independencia en sus hogares y comunidades.\\\u00bb icon_color=\\\u00bb#324724\\\u00bb][vc_empty_space height=\\\u00bb20px\\\u00bb][mkdf_icon_with_text type=\\\u00bbicon-left-from-title\\\u00bb icon_source=\\\u00bbicon-pack\\\u00bb icon_pack=\\\u00bbfont_awesome\\\u00bb fa_icon=\\\u00bbfa fa-sun\\\u00bb icon_size=\\\u00bbmkdf-icon-small\\\u00bb title_tag=\\\u00bb\\\u00bb title=\\\u00bbNuestros Valores Fundamentales\\\u00bb icon_color=\\\u00bb#324724\\\u00bb][vc_column_text]<\/p>\n<ul>\n<li>Compromiso Con la Excelencia<\/li>\n<li>Innovaci\u00f3n<\/li>\n<li>Integridad<\/li>\n<li>Respeto<\/li>\n<li>Responsabilidad<\/li>\n<\/ul>\n<p>[\/vc_column_text][\/vc_column][vc_column width=\\\u00bb1\/2\\\u00bb][vc_column_text]<p class=\"wpcf7-contact-form-not-found\"><strong>Error:<\/strong> Formulario de contacto no encontrado.<\/p>[\/vc_column_text][\/vc_column][\/vc_row][vc_row][vc_column][vc_empty_space][vc_cta h2=\\\u00bb\u00bfTiene Preguntas?\\\u00bb h4=\\\u00bbNo dude en llamar a nuestro equipo de ayuda en Moravia Health.\\\u00bb el_width=\\\u00bbmd\\\u00bb add_button=\\\u00bbright\\\u00bb btn_title=\\\u00bbCont\u00e1ctenos\\\u00bb btn_style=\\\u00bbclassic\\\u00bb btn_i_type=\\\u00bbentypo\\\u00bb btn_i_icon_entypo=\\\u00bbentypo-icon entypo-icon-phone\\\u00bb btn_add_icon=\\\u00bbtrue\\\u00bb btn_link=\\\u00bburl:https%3A%2F%2Fmoraviahealth.com%2Fcontactenos%2F%3Flang%3Des|title:Cont%C3%A1ctenos||\\\u00bb]Para preguntas o inquietudes, comun\u00edquese con nuestro equipo de clase mundial en Moravia Health. Puede llamar a nuestro n\u00famero de soporte global de 855-MORAVIA o visitar nuestra p\u00e1gina de contacto para encontrar su oficina local. Nuestra visi\u00f3n es que todos los clientes alcancen la m\u00e1xima independencia en sus hogares y comunidades.[\/vc_cta][vc_empty_space][\/vc_column][\/vc_row]<\/p>\n","protected":false},"excerpt":{"rendered":"<p>[vc_row row_content_width=\\\u00bbgrid\\\u00bb css=\\\u00bb.vc_custom_1585973472415{padding-top: 60px !important;padding-bottom: 68px !important;}\\\u00bb][vc_column width=\\\u00bb1\/2\\\u00bb][vc_single_image image=\\\u00bb3824\\\u00bb img_size=\\\u00bb125&#215;125\\\u00bb alignment=\\\u00bbcenter\\\u00bb][vc_empty_space height=\\\u00bb20px\\\u00bb][vc_column_text]En Moravia Health, entendemos que nuestro valor es el resultado directo de nuestros incre\u00edbles empleados. Para aquellas personas motivadas listas para unirse a nuestro equipo de alto rendimiento, complete el formulario de env\u00edo en el sitio. Gracias por su consideraci\u00f3n, y esperamos que se [&hellip;]<\/p>\n","protected":false},"author":1,"featured_media":0,"parent":0,"menu_order":0,"comment_status":"closed","ping_status":"closed","template":"","meta":{"site-sidebar-layout":"default","site-content-layout":"","ast-site-content-layout":"default","site-content-style":"default","site-sidebar-style":"default","ast-global-header-display":"","ast-banner-title-visibility":"","ast-main-header-display":"","ast-hfb-above-header-display":"","ast-hfb-below-header-display":"","ast-hfb-mobile-header-display":"","site-post-title":"","ast-breadcrumbs-content":"","ast-featured-img":"","footer-sml-layout":"","ast-disable-related-posts":"","theme-transparent-header-meta":"","adv-header-id-meta":"","stick-header-meta":"","header-above-stick-meta":"","header-main-stick-meta":"","header-below-stick-meta":"","astra-migrate-meta-layouts":"default","ast-page-background-enabled":"default","ast-page-background-meta":{"desktop":{"background-color":"var(--ast-global-color-4)","background-image":"","background-repeat":"repeat","background-position":"center center","background-size":"auto","background-attachment":"scroll","background-type":"","background-media":"","overlay-type":"","overlay-color":"","overlay-opacity":"","overlay-gradient":""},"tablet":{"background-color":"","background-image":"","background-repeat":"repeat","background-position":"center center","background-size":"auto","background-attachment":"scroll","background-type":"","background-media":"","overlay-type":"","overlay-color":"","overlay-opacity":"","overlay-gradient":""},"mobile":{"background-color":"","background-image":"","background-repeat":"repeat","background-position":"center center","background-size":"auto","background-attachment":"scroll","background-type":"","background-media":"","overlay-type":"","overlay-color":"","overlay-opacity":"","overlay-gradient":""}},"ast-content-background-meta":{"desktop":{"background-color":"var(--ast-global-color-5)","background-image":"","background-repeat":"repeat","background-position":"center center","background-size":"auto","background-attachment":"scroll","background-type":"","background-media":"","overlay-type":"","overlay-color":"","overlay-opacity":"","overlay-gradient":""},"tablet":{"background-color":"var(--ast-global-color-5)","background-image":"","background-repeat":"repeat","background-position":"center center","background-size":"auto","background-attachment":"scroll","background-type":"","background-media":"","overlay-type":"","overlay-color":"","overlay-opacity":"","overlay-gradient":""},"mobile":{"background-color":"var(--ast-global-color-5)","background-image":"","background-repeat":"repeat","background-position":"center center","background-size":"auto","background-attachment":"scroll","background-type":"","background-media":"","overlay-type":"","overlay-color":"","overlay-opacity":"","overlay-gradient":""}},"footnotes":""},"class_list":["post-3822","page","type-page","status-publish","hentry"],"yoast_head":"<!-- This site is optimized with the Yoast SEO plugin v27.4 - https:\/\/yoast.com\/product\/yoast-seo-wordpress\/ -->\n<title>Referencias - Moravia Health<\/title>\n<meta name=\"robots\" content=\"index, follow, max-snippet:-1, max-image-preview:large, max-video-preview:-1\" \/>\n<link rel=\"canonical\" href=\"https:\/\/moraviahealth.com\/es\/referencias\/\" \/>\n<meta property=\"og:locale\" content=\"es_ES\" \/>\n<meta property=\"og:type\" content=\"article\" \/>\n<meta property=\"og:title\" content=\"Referencias - Moravia Health\" \/>\n<meta property=\"og:description\" content=\"[vc_row row_content_width=\u00bbgrid\u00bb css=\u00bb.vc_custom_1585973472415{padding-top: 60px !important;padding-bottom: 68px !important;}\u00bb][vc_column width=\u00bb1\/2\u00bb][vc_single_image image=\u00bb3824\u00bb img_size=\u00bb125&#215;125\u00bb alignment=\u00bbcenter\u00bb][vc_empty_space height=\u00bb20px\u00bb][vc_column_text]En Moravia Health, entendemos que nuestro valor es el resultado directo de nuestros incre\u00edbles empleados. Para aquellas personas motivadas listas para unirse a nuestro equipo de alto rendimiento, complete el formulario de env\u00edo en el sitio. Gracias por su consideraci\u00f3n, y esperamos que se [&hellip;]\" \/>\n<meta property=\"og:url\" content=\"https:\/\/moraviahealth.com\/es\/referencias\/\" \/>\n<meta property=\"og:site_name\" content=\"Moravia Health\" \/>\n<meta property=\"article:publisher\" content=\"https:\/\/www.facebook.com\/MoraviaHealth\/\" \/>\n<meta property=\"article:modified_time\" content=\"2023-08-12T23:48:18+00:00\" \/>\n<meta name=\"twitter:card\" content=\"summary_large_image\" \/>\n<meta name=\"twitter:site\" content=\"@moraviahealth\" \/>\n<meta name=\"twitter:label1\" content=\"Tiempo de lectura\" \/>\n\t<meta name=\"twitter:data1\" content=\"2 minutos\" \/>\n<script type=\"application\/ld+json\" class=\"yoast-schema-graph\">{\"@context\":\"https:\\\/\\\/schema.org\",\"@graph\":[{\"@type\":\"WebPage\",\"@id\":\"https:\\\/\\\/moraviahealth.com\\\/es\\\/referencias\\\/\",\"url\":\"https:\\\/\\\/moraviahealth.com\\\/es\\\/referencias\\\/\",\"name\":\"Referencias - Moravia Health\",\"isPartOf\":{\"@id\":\"https:\\\/\\\/moraviahealth.com\\\/#website\"},\"datePublished\":\"2020-04-04T03:54:57+00:00\",\"dateModified\":\"2023-08-12T23:48:18+00:00\",\"breadcrumb\":{\"@id\":\"https:\\\/\\\/moraviahealth.com\\\/es\\\/referencias\\\/#breadcrumb\"},\"inLanguage\":\"es\",\"potentialAction\":[{\"@type\":\"ReadAction\",\"target\":[\"https:\\\/\\\/moraviahealth.com\\\/es\\\/referencias\\\/\"]}]},{\"@type\":\"BreadcrumbList\",\"@id\":\"https:\\\/\\\/moraviahealth.com\\\/es\\\/referencias\\\/#breadcrumb\",\"itemListElement\":[{\"@type\":\"ListItem\",\"position\":1,\"name\":\"Home\",\"item\":\"https:\\\/\\\/moraviahealth.com\\\/es\\\/\"},{\"@type\":\"ListItem\",\"position\":2,\"name\":\"Referencias\"}]},{\"@type\":\"WebSite\",\"@id\":\"https:\\\/\\\/moraviahealth.com\\\/#website\",\"url\":\"https:\\\/\\\/moraviahealth.com\\\/\",\"name\":\"Moravia Health\",\"description\":\"Trusted Home Care Service\",\"publisher\":{\"@id\":\"https:\\\/\\\/moraviahealth.com\\\/#organization\"},\"potentialAction\":[{\"@type\":\"SearchAction\",\"target\":{\"@type\":\"EntryPoint\",\"urlTemplate\":\"https:\\\/\\\/moraviahealth.com\\\/?s={search_term_string}\"},\"query-input\":{\"@type\":\"PropertyValueSpecification\",\"valueRequired\":true,\"valueName\":\"search_term_string\"}}],\"inLanguage\":\"es\"},{\"@type\":\"Organization\",\"@id\":\"https:\\\/\\\/moraviahealth.com\\\/#organization\",\"name\":\"Moravia Health\",\"url\":\"https:\\\/\\\/moraviahealth.com\\\/\",\"logo\":{\"@type\":\"ImageObject\",\"inLanguage\":\"es\",\"@id\":\"https:\\\/\\\/moraviahealth.com\\\/#\\\/schema\\\/logo\\\/image\\\/\",\"url\":\"https:\\\/\\\/i0.wp.com\\\/moraviahealth.com\\\/wp-content\\\/uploads\\\/2022\\\/12\\\/cropped-MoraviaHealth_Logo_Sun-1-1.webp?fit=620%2C300&ssl=1\",\"contentUrl\":\"https:\\\/\\\/i0.wp.com\\\/moraviahealth.com\\\/wp-content\\\/uploads\\\/2022\\\/12\\\/cropped-MoraviaHealth_Logo_Sun-1-1.webp?fit=620%2C300&ssl=1\",\"width\":620,\"height\":300,\"caption\":\"Moravia Health\"},\"image\":{\"@id\":\"https:\\\/\\\/moraviahealth.com\\\/#\\\/schema\\\/logo\\\/image\\\/\"},\"sameAs\":[\"https:\\\/\\\/www.facebook.com\\\/MoraviaHealth\\\/\",\"https:\\\/\\\/x.com\\\/moraviahealth\",\"https:\\\/\\\/www.instagram.com\\\/moraviahealth\\\/?hl=en\",\"https:\\\/\\\/www.linkedin.com\\\/company\\\/moravia-health\\\/\",\"https:\\\/\\\/goo.gl\\\/maps\\\/BXw15RtU23o6XR626\",\"https:\\\/\\\/www.youtube.com\\\/@MoraviaHealth\"]}]}<\/script>\n<!-- \/ Yoast SEO plugin. -->","yoast_head_json":{"title":"Referencias - Moravia Health","robots":{"index":"index","follow":"follow","max-snippet":"max-snippet:-1","max-image-preview":"max-image-preview:large","max-video-preview":"max-video-preview:-1"},"canonical":"https:\/\/moraviahealth.com\/es\/referencias\/","og_locale":"es_ES","og_type":"article","og_title":"Referencias - Moravia Health","og_description":"[vc_row row_content_width=\u00bbgrid\u00bb css=\u00bb.vc_custom_1585973472415{padding-top: 60px !important;padding-bottom: 68px !important;}\u00bb][vc_column width=\u00bb1\/2\u00bb][vc_single_image image=\u00bb3824\u00bb img_size=\u00bb125&#215;125\u00bb alignment=\u00bbcenter\u00bb][vc_empty_space height=\u00bb20px\u00bb][vc_column_text]En Moravia Health, entendemos que nuestro valor es el resultado directo de nuestros incre\u00edbles empleados. Para aquellas personas motivadas listas para unirse a nuestro equipo de alto rendimiento, complete el formulario de env\u00edo en el sitio. Gracias por su consideraci\u00f3n, y esperamos que se [&hellip;]","og_url":"https:\/\/moraviahealth.com\/es\/referencias\/","og_site_name":"Moravia Health","article_publisher":"https:\/\/www.facebook.com\/MoraviaHealth\/","article_modified_time":"2023-08-12T23:48:18+00:00","twitter_card":"summary_large_image","twitter_site":"@moraviahealth","twitter_misc":{"Tiempo de lectura":"2 minutos"},"schema":{"@context":"https:\/\/schema.org","@graph":[{"@type":"WebPage","@id":"https:\/\/moraviahealth.com\/es\/referencias\/","url":"https:\/\/moraviahealth.com\/es\/referencias\/","name":"Referencias - Moravia Health","isPartOf":{"@id":"https:\/\/moraviahealth.com\/#website"},"datePublished":"2020-04-04T03:54:57+00:00","dateModified":"2023-08-12T23:48:18+00:00","breadcrumb":{"@id":"https:\/\/moraviahealth.com\/es\/referencias\/#breadcrumb"},"inLanguage":"es","potentialAction":[{"@type":"ReadAction","target":["https:\/\/moraviahealth.com\/es\/referencias\/"]}]},{"@type":"BreadcrumbList","@id":"https:\/\/moraviahealth.com\/es\/referencias\/#breadcrumb","itemListElement":[{"@type":"ListItem","position":1,"name":"Home","item":"https:\/\/moraviahealth.com\/es\/"},{"@type":"ListItem","position":2,"name":"Referencias"}]},{"@type":"WebSite","@id":"https:\/\/moraviahealth.com\/#website","url":"https:\/\/moraviahealth.com\/","name":"Moravia Health","description":"Trusted Home Care Service","publisher":{"@id":"https:\/\/moraviahealth.com\/#organization"},"potentialAction":[{"@type":"SearchAction","target":{"@type":"EntryPoint","urlTemplate":"https:\/\/moraviahealth.com\/?s={search_term_string}"},"query-input":{"@type":"PropertyValueSpecification","valueRequired":true,"valueName":"search_term_string"}}],"inLanguage":"es"},{"@type":"Organization","@id":"https:\/\/moraviahealth.com\/#organization","name":"Moravia Health","url":"https:\/\/moraviahealth.com\/","logo":{"@type":"ImageObject","inLanguage":"es","@id":"https:\/\/moraviahealth.com\/#\/schema\/logo\/image\/","url":"https:\/\/i0.wp.com\/moraviahealth.com\/wp-content\/uploads\/2022\/12\/cropped-MoraviaHealth_Logo_Sun-1-1.webp?fit=620%2C300&ssl=1","contentUrl":"https:\/\/i0.wp.com\/moraviahealth.com\/wp-content\/uploads\/2022\/12\/cropped-MoraviaHealth_Logo_Sun-1-1.webp?fit=620%2C300&ssl=1","width":620,"height":300,"caption":"Moravia Health"},"image":{"@id":"https:\/\/moraviahealth.com\/#\/schema\/logo\/image\/"},"sameAs":["https:\/\/www.facebook.com\/MoraviaHealth\/","https:\/\/x.com\/moraviahealth","https:\/\/www.instagram.com\/moraviahealth\/?hl=en","https:\/\/www.linkedin.com\/company\/moravia-health\/","https:\/\/goo.gl\/maps\/BXw15RtU23o6XR626","https:\/\/www.youtube.com\/@MoraviaHealth"]}]}},"jetpack_sharing_enabled":true,"_links":{"self":[{"href":"https:\/\/moraviahealth.com\/es\/wp-json\/wp\/v2\/pages\/3822","targetHints":{"allow":["GET"]}}],"collection":[{"href":"https:\/\/moraviahealth.com\/es\/wp-json\/wp\/v2\/pages"}],"about":[{"href":"https:\/\/moraviahealth.com\/es\/wp-json\/wp\/v2\/types\/page"}],"author":[{"embeddable":true,"href":"https:\/\/moraviahealth.com\/es\/wp-json\/wp\/v2\/users\/1"}],"replies":[{"embeddable":true,"href":"https:\/\/moraviahealth.com\/es\/wp-json\/wp\/v2\/comments?post=3822"}],"version-history":[{"count":1,"href":"https:\/\/moraviahealth.com\/es\/wp-json\/wp\/v2\/pages\/3822\/revisions"}],"predecessor-version":[{"id":8841,"href":"https:\/\/moraviahealth.com\/es\/wp-json\/wp\/v2\/pages\/3822\/revisions\/8841"}],"wp:attachment":[{"href":"https:\/\/moraviahealth.com\/es\/wp-json\/wp\/v2\/media?parent=3822"}],"curies":[{"name":"wp","href":"https:\/\/api.w.org\/{rel}","templated":true}]}}