{"id":9878,"date":"2023-08-15T18:18:38","date_gmt":"2023-08-15T18:18:38","guid":{"rendered":"https:\/\/moraviahealth.com\/contratar\/"},"modified":"2023-08-15T18:43:16","modified_gmt":"2023-08-15T18:43:16","slug":"hire-es","status":"publish","type":"page","link":"https:\/\/moraviahealth.com\/es\/hire-es\/","title":{"rendered":"Hire-Es"},"content":{"rendered":"\t\t<div data-elementor-type=\"wp-page\" data-elementor-id=\"9878\" class=\"elementor elementor-9878 elementor-9872\" data-elementor-post-type=\"page\">\n\t\t\t\t\t\t<section data-particle_enable=\"false\" data-particle-mobile-disabled=\"false\" class=\"elementor-section elementor-top-section elementor-element elementor-element-2a542264 elementor-section-full_width elementor-section-height-default elementor-section-height-default\" data-id=\"2a542264\" data-element_type=\"section\" data-e-type=\"section\" data-settings=\"{&quot;background_background&quot;:&quot;classic&quot;}\">\n\t\t\t\t\t\t<div class=\"elementor-container elementor-column-gap-default\">\n\t\t\t\t\t<div class=\"elementor-column elementor-col-100 elementor-top-column elementor-element elementor-element-b647425\" data-id=\"b647425\" data-element_type=\"column\" data-e-type=\"column\">\n\t\t\t<div class=\"elementor-widget-wrap elementor-element-populated\">\n\t\t\t\t\t\t<div class=\"elementor-element elementor-element-290c10d elementor-widget elementor-widget-image\" data-id=\"290c10d\" data-element_type=\"widget\" data-e-type=\"widget\" data-widget_type=\"image.default\">\n\t\t\t\t\t\t\t\t\t\t\t\t\t\t\t<img data-recalc-dims=\"1\" decoding=\"async\" src=\"https:\/\/i0.wp.com\/moraviahealth.com\/wp-content\/uploads\/elementor\/thumbs\/MoraviaHealth_Logo_Sun-1-pzdpqfs8djcya4a981tlyk4gtq9fj6onbbnqcossru.webp?ssl=1\" title=\"MoraviaHealth_Logo_Sun\" alt=\"MoraviaHealth_Logo_Sun\" loading=\"lazy\" \/>\t\t\t\t\t\t\t\t\t\t\t\t\t\t\t<\/div>\n\t\t\t\t<div class=\"elementor-element elementor-element-00e42d2 elementor-widget elementor-widget-heading\" data-id=\"00e42d2\" data-element_type=\"widget\" data-e-type=\"widget\" data-widget_type=\"heading.default\">\n\t\t\t\t\t<h2 class=\"elementor-heading-title elementor-size-default\">Formulario de Notificaci\u00f3n de Nueva Contrataci\u00f3n<\/h2>\t\t\t\t<\/div>\n\t\t\t\t<div class=\"elementor-element elementor-element-0372267 elementor-widget elementor-widget-text-editor\" data-id=\"0372267\" data-element_type=\"widget\" data-e-type=\"widget\" data-widget_type=\"text-editor.default\">\n\t\t\t\t\t\t\t\t\t<p>Moravia Health exige a los antiguos empleados que avisen antes de reincorporarse a la organizaci\u00f3n. El empleo anterior no es un impedimento para la recontrataci\u00f3n, sin embargo es informaci\u00f3n necesaria para incorporarse correctamente y cumplir con las leyes aplicables. Si tiene alg\u00fan problema o duda, p\u00f3ngase en contacto con su representante de HR.<\/p>\n\t\t\t\t\t\t\t\t<\/div>\n\t\t\t\t\t<\/div>\n\t\t<\/div>\n\t\t\t\t\t<\/div>\n\t\t<\/section>\n\t\t\t\t<\/div>\n\t\t","protected":false},"excerpt":{"rendered":"<p>Formulario de Notificaci\u00f3n de Nueva Contrataci\u00f3n Moravia Health exige a los antiguos empleados que avisen antes de reincorporarse a la organizaci\u00f3n. El empleo anterior no es un impedimento para la recontrataci\u00f3n, sin embargo es informaci\u00f3n necesaria para incorporarse correctamente y cumplir con las leyes aplicables. Si tiene alg\u00fan problema o duda, p\u00f3ngase en contacto con [&hellip;]<\/p>\n","protected":false},"author":2,"featured_media":0,"parent":0,"menu_order":0,"comment_status":"closed","ping_status":"closed","template":"elementor_header_footer","meta":{"site-sidebar-layout":"default","site-content-layout":"","ast-site-content-layout":"default","site-content-style":"default","site-sidebar-style":"default","ast-global-header-display":"","ast-banner-title-visibility":"","ast-main-header-display":"","ast-hfb-above-header-display":"","ast-hfb-below-header-display":"","ast-hfb-mobile-header-display":"","site-post-title":"","ast-breadcrumbs-content":"","ast-featured-img":"","footer-sml-layout":"","ast-disable-related-posts":"","theme-transparent-header-meta":"","adv-header-id-meta":"","stick-header-meta":"","header-above-stick-meta":"","header-main-stick-meta":"","header-below-stick-meta":"","astra-migrate-meta-layouts":"default","ast-page-background-enabled":"default","ast-page-background-meta":{"desktop":{"background-color":"var(--ast-global-color-4)","background-image":"","background-repeat":"repeat","background-position":"center center","background-size":"auto","background-attachment":"scroll","background-type":"","background-media":"","overlay-type":"","overlay-color":"","overlay-opacity":"","overlay-gradient":""},"tablet":{"background-color":"","background-image":"","background-repeat":"repeat","background-position":"center center","background-size":"auto","background-attachment":"scroll","background-type":"","background-media":"","overlay-type":"","overlay-color":"","overlay-opacity":"","overlay-gradient":""},"mobile":{"background-color":"","background-image":"","background-repeat":"repeat","background-position":"center center","background-size":"auto","background-attachment":"scroll","background-type":"","background-media":"","overlay-type":"","overlay-color":"","overlay-opacity":"","overlay-gradient":""}},"ast-content-background-meta":{"desktop":{"background-color":"var(--ast-global-color-5)","background-image":"","background-repeat":"repeat","background-position":"center center","background-size":"auto","background-attachment":"scroll","background-type":"","background-media":"","overlay-type":"","overlay-color":"","overlay-opacity":"","overlay-gradient":""},"tablet":{"background-color":"var(--ast-global-color-5)","background-image":"","background-repeat":"repeat","background-position":"center center","background-size":"auto","background-attachment":"scroll","background-type":"","background-media":"","overlay-type":"","overlay-color":"","overlay-opacity":"","overlay-gradient":""},"mobile":{"background-color":"var(--ast-global-color-5)","background-image":"","background-repeat":"repeat","background-position":"center center","background-size":"auto","background-attachment":"scroll","background-type":"","background-media":"","overlay-type":"","overlay-color":"","overlay-opacity":"","overlay-gradient":""}},"footnotes":""},"class_list":["post-9878","page","type-page","status-publish","hentry"],"yoast_head":"<!-- This site is optimized with the Yoast SEO plugin v27.5 - https:\/\/yoast.com\/product\/yoast-seo-wordpress\/ -->\n<title>Hire-Es - Moravia Health<\/title>\n<meta name=\"robots\" content=\"index, follow, max-snippet:-1, max-image-preview:large, max-video-preview:-1\" \/>\n<link rel=\"canonical\" href=\"https:\/\/moraviahealth.com\/es\/hire-es\/\" \/>\n<meta property=\"og:locale\" content=\"es_ES\" \/>\n<meta property=\"og:type\" content=\"article\" \/>\n<meta property=\"og:title\" content=\"Hire-Es - Moravia Health\" \/>\n<meta property=\"og:description\" content=\"Formulario de Notificaci\u00f3n de Nueva Contrataci\u00f3n Moravia Health exige a los antiguos empleados que avisen antes de reincorporarse a la organizaci\u00f3n. El empleo anterior no es un impedimento para la recontrataci\u00f3n, sin embargo es informaci\u00f3n necesaria para incorporarse correctamente y cumplir con las leyes aplicables. Si tiene alg\u00fan problema o duda, p\u00f3ngase en contacto con [&hellip;]\" \/>\n<meta property=\"og:url\" content=\"https:\/\/moraviahealth.com\/es\/hire-es\/\" \/>\n<meta property=\"og:site_name\" content=\"Moravia Health\" \/>\n<meta property=\"article:publisher\" content=\"https:\/\/www.facebook.com\/MoraviaHealth\/\" \/>\n<meta property=\"article:modified_time\" content=\"2023-08-15T18:43:16+00:00\" \/>\n<meta property=\"og:image\" content=\"https:\/\/moraviahealth.com\/wp-content\/uploads\/elementor\/thumbs\/MoraviaHealth_Logo_Sun-1-pzdpqfs8djcya4a981tlyk4gtq9fj6onbbnqcossru.webp\" \/>\n<meta name=\"twitter:card\" content=\"summary_large_image\" \/>\n<meta name=\"twitter:site\" content=\"@moraviahealth\" \/>\n<script type=\"application\/ld+json\" class=\"yoast-schema-graph\">{\"@context\":\"https:\\\/\\\/schema.org\",\"@graph\":[{\"@type\":\"WebPage\",\"@id\":\"https:\\\/\\\/moraviahealth.com\\\/es\\\/hire-es\\\/\",\"url\":\"https:\\\/\\\/moraviahealth.com\\\/es\\\/hire-es\\\/\",\"name\":\"Hire-Es - Moravia Health\",\"isPartOf\":{\"@id\":\"https:\\\/\\\/moraviahealth.com\\\/#website\"},\"primaryImageOfPage\":{\"@id\":\"https:\\\/\\\/moraviahealth.com\\\/es\\\/hire-es\\\/#primaryimage\"},\"image\":{\"@id\":\"https:\\\/\\\/moraviahealth.com\\\/es\\\/hire-es\\\/#primaryimage\"},\"thumbnailUrl\":\"https:\\\/\\\/moraviahealth.com\\\/wp-content\\\/uploads\\\/elementor\\\/thumbs\\\/MoraviaHealth_Logo_Sun-1-pzdpqfs8djcya4a981tlyk4gtq9fj6onbbnqcossru.webp\",\"datePublished\":\"2023-08-15T18:18:38+00:00\",\"dateModified\":\"2023-08-15T18:43:16+00:00\",\"breadcrumb\":{\"@id\":\"https:\\\/\\\/moraviahealth.com\\\/es\\\/hire-es\\\/#breadcrumb\"},\"inLanguage\":\"es\",\"potentialAction\":[{\"@type\":\"ReadAction\",\"target\":[\"https:\\\/\\\/moraviahealth.com\\\/es\\\/hire-es\\\/\"]}]},{\"@type\":\"ImageObject\",\"inLanguage\":\"es\",\"@id\":\"https:\\\/\\\/moraviahealth.com\\\/es\\\/hire-es\\\/#primaryimage\",\"url\":\"https:\\\/\\\/moraviahealth.com\\\/wp-content\\\/uploads\\\/elementor\\\/thumbs\\\/MoraviaHealth_Logo_Sun-1-pzdpqfs8djcya4a981tlyk4gtq9fj6onbbnqcossru.webp\",\"contentUrl\":\"https:\\\/\\\/moraviahealth.com\\\/wp-content\\\/uploads\\\/elementor\\\/thumbs\\\/MoraviaHealth_Logo_Sun-1-pzdpqfs8djcya4a981tlyk4gtq9fj6onbbnqcossru.webp\"},{\"@type\":\"BreadcrumbList\",\"@id\":\"https:\\\/\\\/moraviahealth.com\\\/es\\\/hire-es\\\/#breadcrumb\",\"itemListElement\":[{\"@type\":\"ListItem\",\"position\":1,\"name\":\"Home\",\"item\":\"https:\\\/\\\/moraviahealth.com\\\/es\\\/\"},{\"@type\":\"ListItem\",\"position\":2,\"name\":\"Hire-Es\"}]},{\"@type\":\"WebSite\",\"@id\":\"https:\\\/\\\/moraviahealth.com\\\/#website\",\"url\":\"https:\\\/\\\/moraviahealth.com\\\/\",\"name\":\"Moravia Health\",\"description\":\"Trusted Home Care Service\",\"publisher\":{\"@id\":\"https:\\\/\\\/moraviahealth.com\\\/#organization\"},\"potentialAction\":[{\"@type\":\"SearchAction\",\"target\":{\"@type\":\"EntryPoint\",\"urlTemplate\":\"https:\\\/\\\/moraviahealth.com\\\/?s={search_term_string}\"},\"query-input\":{\"@type\":\"PropertyValueSpecification\",\"valueRequired\":true,\"valueName\":\"search_term_string\"}}],\"inLanguage\":\"es\"},{\"@type\":\"Organization\",\"@id\":\"https:\\\/\\\/moraviahealth.com\\\/#organization\",\"name\":\"Moravia Health\",\"url\":\"https:\\\/\\\/moraviahealth.com\\\/\",\"logo\":{\"@type\":\"ImageObject\",\"inLanguage\":\"es\",\"@id\":\"https:\\\/\\\/moraviahealth.com\\\/#\\\/schema\\\/logo\\\/image\\\/\",\"url\":\"https:\\\/\\\/i0.wp.com\\\/moraviahealth.com\\\/wp-content\\\/uploads\\\/2022\\\/12\\\/cropped-MoraviaHealth_Logo_Sun-1-1.webp?fit=620%2C300&ssl=1\",\"contentUrl\":\"https:\\\/\\\/i0.wp.com\\\/moraviahealth.com\\\/wp-content\\\/uploads\\\/2022\\\/12\\\/cropped-MoraviaHealth_Logo_Sun-1-1.webp?fit=620%2C300&ssl=1\",\"width\":620,\"height\":300,\"caption\":\"Moravia Health\"},\"image\":{\"@id\":\"https:\\\/\\\/moraviahealth.com\\\/#\\\/schema\\\/logo\\\/image\\\/\"},\"sameAs\":[\"https:\\\/\\\/www.facebook.com\\\/MoraviaHealth\\\/\",\"https:\\\/\\\/x.com\\\/moraviahealth\",\"https:\\\/\\\/www.instagram.com\\\/moraviahealth\\\/?hl=en\",\"https:\\\/\\\/www.linkedin.com\\\/company\\\/moravia-health\\\/\",\"https:\\\/\\\/goo.gl\\\/maps\\\/BXw15RtU23o6XR626\",\"https:\\\/\\\/www.youtube.com\\\/@MoraviaHealth\"]}]}<\/script>\n<!-- \/ Yoast SEO plugin. -->","yoast_head_json":{"title":"Hire-Es - Moravia Health","robots":{"index":"index","follow":"follow","max-snippet":"max-snippet:-1","max-image-preview":"max-image-preview:large","max-video-preview":"max-video-preview:-1"},"canonical":"https:\/\/moraviahealth.com\/es\/hire-es\/","og_locale":"es_ES","og_type":"article","og_title":"Hire-Es - Moravia Health","og_description":"Formulario de Notificaci\u00f3n de Nueva Contrataci\u00f3n Moravia Health exige a los antiguos empleados que avisen antes de reincorporarse a la organizaci\u00f3n. El empleo anterior no es un impedimento para la recontrataci\u00f3n, sin embargo es informaci\u00f3n necesaria para incorporarse correctamente y cumplir con las leyes aplicables. Si tiene alg\u00fan problema o duda, p\u00f3ngase en contacto con [&hellip;]","og_url":"https:\/\/moraviahealth.com\/es\/hire-es\/","og_site_name":"Moravia Health","article_publisher":"https:\/\/www.facebook.com\/MoraviaHealth\/","article_modified_time":"2023-08-15T18:43:16+00:00","og_image":[{"url":"https:\/\/moraviahealth.com\/wp-content\/uploads\/elementor\/thumbs\/MoraviaHealth_Logo_Sun-1-pzdpqfs8djcya4a981tlyk4gtq9fj6onbbnqcossru.webp","type":"","width":"","height":""}],"twitter_card":"summary_large_image","twitter_site":"@moraviahealth","schema":{"@context":"https:\/\/schema.org","@graph":[{"@type":"WebPage","@id":"https:\/\/moraviahealth.com\/es\/hire-es\/","url":"https:\/\/moraviahealth.com\/es\/hire-es\/","name":"Hire-Es - Moravia Health","isPartOf":{"@id":"https:\/\/moraviahealth.com\/#website"},"primaryImageOfPage":{"@id":"https:\/\/moraviahealth.com\/es\/hire-es\/#primaryimage"},"image":{"@id":"https:\/\/moraviahealth.com\/es\/hire-es\/#primaryimage"},"thumbnailUrl":"https:\/\/moraviahealth.com\/wp-content\/uploads\/elementor\/thumbs\/MoraviaHealth_Logo_Sun-1-pzdpqfs8djcya4a981tlyk4gtq9fj6onbbnqcossru.webp","datePublished":"2023-08-15T18:18:38+00:00","dateModified":"2023-08-15T18:43:16+00:00","breadcrumb":{"@id":"https:\/\/moraviahealth.com\/es\/hire-es\/#breadcrumb"},"inLanguage":"es","potentialAction":[{"@type":"ReadAction","target":["https:\/\/moraviahealth.com\/es\/hire-es\/"]}]},{"@type":"ImageObject","inLanguage":"es","@id":"https:\/\/moraviahealth.com\/es\/hire-es\/#primaryimage","url":"https:\/\/moraviahealth.com\/wp-content\/uploads\/elementor\/thumbs\/MoraviaHealth_Logo_Sun-1-pzdpqfs8djcya4a981tlyk4gtq9fj6onbbnqcossru.webp","contentUrl":"https:\/\/moraviahealth.com\/wp-content\/uploads\/elementor\/thumbs\/MoraviaHealth_Logo_Sun-1-pzdpqfs8djcya4a981tlyk4gtq9fj6onbbnqcossru.webp"},{"@type":"BreadcrumbList","@id":"https:\/\/moraviahealth.com\/es\/hire-es\/#breadcrumb","itemListElement":[{"@type":"ListItem","position":1,"name":"Home","item":"https:\/\/moraviahealth.com\/es\/"},{"@type":"ListItem","position":2,"name":"Hire-Es"}]},{"@type":"WebSite","@id":"https:\/\/moraviahealth.com\/#website","url":"https:\/\/moraviahealth.com\/","name":"Moravia Health","description":"Trusted Home Care Service","publisher":{"@id":"https:\/\/moraviahealth.com\/#organization"},"potentialAction":[{"@type":"SearchAction","target":{"@type":"EntryPoint","urlTemplate":"https:\/\/moraviahealth.com\/?s={search_term_string}"},"query-input":{"@type":"PropertyValueSpecification","valueRequired":true,"valueName":"search_term_string"}}],"inLanguage":"es"},{"@type":"Organization","@id":"https:\/\/moraviahealth.com\/#organization","name":"Moravia Health","url":"https:\/\/moraviahealth.com\/","logo":{"@type":"ImageObject","inLanguage":"es","@id":"https:\/\/moraviahealth.com\/#\/schema\/logo\/image\/","url":"https:\/\/i0.wp.com\/moraviahealth.com\/wp-content\/uploads\/2022\/12\/cropped-MoraviaHealth_Logo_Sun-1-1.webp?fit=620%2C300&ssl=1","contentUrl":"https:\/\/i0.wp.com\/moraviahealth.com\/wp-content\/uploads\/2022\/12\/cropped-MoraviaHealth_Logo_Sun-1-1.webp?fit=620%2C300&ssl=1","width":620,"height":300,"caption":"Moravia Health"},"image":{"@id":"https:\/\/moraviahealth.com\/#\/schema\/logo\/image\/"},"sameAs":["https:\/\/www.facebook.com\/MoraviaHealth\/","https:\/\/x.com\/moraviahealth","https:\/\/www.instagram.com\/moraviahealth\/?hl=en","https:\/\/www.linkedin.com\/company\/moravia-health\/","https:\/\/goo.gl\/maps\/BXw15RtU23o6XR626","https:\/\/www.youtube.com\/@MoraviaHealth"]}]}},"jetpack_sharing_enabled":true,"_links":{"self":[{"href":"https:\/\/moraviahealth.com\/es\/wp-json\/wp\/v2\/pages\/9878","targetHints":{"allow":["GET"]}}],"collection":[{"href":"https:\/\/moraviahealth.com\/es\/wp-json\/wp\/v2\/pages"}],"about":[{"href":"https:\/\/moraviahealth.com\/es\/wp-json\/wp\/v2\/types\/page"}],"author":[{"embeddable":true,"href":"https:\/\/moraviahealth.com\/es\/wp-json\/wp\/v2\/users\/2"}],"replies":[{"embeddable":true,"href":"https:\/\/moraviahealth.com\/es\/wp-json\/wp\/v2\/comments?post=9878"}],"version-history":[{"count":7,"href":"https:\/\/moraviahealth.com\/es\/wp-json\/wp\/v2\/pages\/9878\/revisions"}],"predecessor-version":[{"id":9885,"href":"https:\/\/moraviahealth.com\/es\/wp-json\/wp\/v2\/pages\/9878\/revisions\/9885"}],"wp:attachment":[{"href":"https:\/\/moraviahealth.com\/es\/wp-json\/wp\/v2\/media?parent=9878"}],"curies":[{"name":"wp","href":"https:\/\/api.w.org\/{rel}","templated":true}]}}